{"id":4137,"date":"2022-10-05T01:44:03","date_gmt":"2022-10-05T01:44:03","guid":{"rendered":"http:\/\/mariana-mcdonald.com\/?page_id=4137"},"modified":"2022-10-13T15:29:59","modified_gmt":"2022-10-13T15:29:59","slug":"shop","status":"publish","type":"page","link":"http:\/\/mariana-mcdonald.com\/pt\/shop\/","title":{"rendered":"Shop"},"content":{"rendered":"<div data-elementor-type=\"wp-page\" data-elementor-id=\"4137\" class=\"elementor elementor-4137\">\n\t\t\t\t\t\t\t\t\t<section class=\"elementor-section elementor-top-section elementor-element elementor-element-3518206 elementor-section-boxed elementor-section-height-default elementor-section-height-default\" data-id=\"3518206\" data-element_type=\"section\">\n\t\t\t\t\t\t<div class=\"elementor-container elementor-column-gap-default\">\n\t\t\t\t\t<div class=\"elementor-column elementor-col-100 elementor-top-column elementor-element elementor-element-97c37b0\" data-id=\"97c37b0\" data-element_type=\"column\">\n\t\t\t<div class=\"elementor-widget-wrap elementor-element-populated\">\n\t\t\t\t\t\t\t\t<div class=\"elementor-element elementor-element-8b69d5d elementor-widget elementor-widget-malina-recent-posts\" data-id=\"8b69d5d\" data-element_type=\"widget\" data-widget_type=\"malina-recent-posts.default\">\n\t\t\t\t<div class=\"elementor-widget-container\">\n\t\t\t<div id=\"latest-posts\"><div id=\"blog-posts-1\" class=\"row-fluid blog-posts\"><article class=\"post-size span4 style_4 4079 post-4079 post type-post status-publish format-standard has-post-thumbnail hentry category-lifestyle category-shop post\"><div class=\"post-content-container textcenter\"><div class=\"post-img-block\"><div class=\"label-date\"><span class=\"day\">01<\/span><span class=\"month\">out<\/span><\/div><figure class=\"post-img\"><a href=\"http:\/\/mariana-mcdonald.com\/pt\/lifestyle\/boho-chic-decor-for-your-home\/\" rel=\"bookmark\"><img width=\"570\" height=\"410\" src=\"http:\/\/mariana-mcdonald.com\/wp-content\/uploads\/2022\/10\/1-570x410.jpg\" class=\"attachment-medium size-medium wp-post-image\" alt=\"\" loading=\"lazy\" srcset=\"http:\/\/mariana-mcdonald.com\/wp-content\/uploads\/2022\/10\/1-570x410.jpg 570w, http:\/\/mariana-mcdonald.com\/wp-content\/uploads\/2022\/10\/1-16x12.jpg 16w\" sizes=\"(max-width: 570px) 100vw, 570px\" \/><\/a><\/figure><\/div><div class=\"post-content-block\"><div class=\"meta-categories\"><a href=\"http:\/\/mariana-mcdonald.com\/pt\/category\/lifestyle\/\" rel=\"category tag\">Lifestyle<\/a>, <a href=\"http:\/\/mariana-mcdonald.com\/pt\/category\/shop\/\" rel=\"category tag\">Shop<\/a><\/div><header class=\"title\"><h2 itemprop=\"headline\"><a href=\"http:\/\/mariana-mcdonald.com\/pt\/lifestyle\/boho-chic-decor-for-your-home\/\" title=\"Permalink to Boho Chic decor for your home\" rel=\"bookmark\">Decora\u00e7\u00e3o Boho Chic para seu lar<\/a><\/h2><\/header><div class=\"post-content\"><div class=\"post-excerpt\">Nossa casa tem nosso pr\u00f3prio estilo, certo? O meu \u00e9 super aconchegante com um boho chic <\/div><\/div><div class=\"post-meta footer-meta\"><div class=\"post-read\">4 mins read<\/div><\/div><\/div><\/div><\/article><article class=\"post-size span4 style_4 4013 post-4013 post type-post status-publish format-standard has-post-thumbnail hentry category-lifestyle category-shop tag-book tag-books tag-change-life tag-mariana-mcdonald tag-power-of-consistency post\"><div class=\"post-content-container textcenter\"><div class=\"post-img-block\"><div class=\"label-date\"><span class=\"day\">11<\/span><span class=\"month\">set<\/span><\/div><figure class=\"post-img\"><a href=\"http:\/\/mariana-mcdonald.com\/pt\/lifestyle\/9-books-that-can-help-change-your-life\/\" rel=\"bookmark\"><img width=\"570\" height=\"410\" src=\"http:\/\/mariana-mcdonald.com\/wp-content\/uploads\/2022\/09\/IMG_7339-1-e1663869049591-570x410.jpg\" class=\"attachment-medium size-medium wp-post-image\" alt=\"\" loading=\"lazy\" \/><\/a><\/figure><\/div><div class=\"post-content-block\"><div class=\"meta-categories\"><a href=\"http:\/\/mariana-mcdonald.com\/pt\/category\/lifestyle\/\" rel=\"category tag\">Lifestyle<\/a>, <a href=\"http:\/\/mariana-mcdonald.com\/pt\/category\/shop\/\" rel=\"category tag\">Shop<\/a><\/div><header class=\"title\"><h2 itemprop=\"headline\"><a href=\"http:\/\/mariana-mcdonald.com\/pt\/lifestyle\/9-books-that-can-help-change-your-life\/\" title=\"Permalink to 9 books that can help change your life\" rel=\"bookmark\">9 livros que v\u00e3o mudar seu modo de vida<\/a><\/h2><\/header><div class=\"post-content\"><div class=\"post-excerpt\">Ler \u00e9 t\u00e3o bom! Eu queria te recomendar alguns livros que eu amei ler, <\/div><\/div><div class=\"post-meta footer-meta\"><div class=\"post-read\">6 mins read<\/div><\/div><\/div><\/div><\/article><article class=\"post-size span4 style_4 3006 post-3006 post type-post status-publish format-gallery has-post-thumbnail hentry category-shop category-travel post_format-post-format-gallery post\"><div class=\"post-content-container textcenter\"><div class=\"post-img-block\"><div class=\"label-date\"><span class=\"day\">15<\/span><span class=\"month\">nov<\/span><\/div><figure class=\"post-img\"><a href=\"http:\/\/mariana-mcdonald.com\/pt\/travel\/2-day-spontaneous-mt-shasta-trip\/\" rel=\"bookmark\"><img width=\"570\" height=\"410\" src=\"http:\/\/mariana-mcdonald.com\/wp-content\/uploads\/2021\/11\/Capa-do-post...-Primeira-foto-570x410.jpg\" class=\"attachment-medium size-medium wp-post-image\" alt=\"\" loading=\"lazy\" \/><\/a><\/figure><\/div><div class=\"post-content-block\"><div class=\"meta-categories\"><a href=\"http:\/\/mariana-mcdonald.com\/pt\/category\/shop\/\" rel=\"category tag\">Shop<\/a>, <a href=\"http:\/\/mariana-mcdonald.com\/pt\/category\/travel\/\" rel=\"category tag\">Viagem<\/a><\/div><header class=\"title\"><h2 itemprop=\"headline\"><a href=\"http:\/\/mariana-mcdonald.com\/pt\/travel\/2-day-spontaneous-mt-shasta-trip\/\" title=\"Permalink to 2-Day Spontaneous Mt Shasta Trip!\" rel=\"bookmark\">Viagem de 2 Dias ao Monte Shasta!<\/a><\/h2><\/header><div class=\"post-content\"><div class=\"post-excerpt\">Voc\u00ea j\u00e1 esteve na \u00e1rea do Monte Shasta? Bem, se voc\u00ea ainda n\u00e3o fez isso, eu recomendo! Shasta \u00e9 incr\u00edvel e a energia l\u00e1 em cima \u00e9 surreal! <\/div><\/div><div class=\"post-meta footer-meta\"><div class=\"post-read\">6 mins read<\/div><\/div><\/div><\/div><\/article><\/div><\/div>\t\t<\/div>\n\t\t\t\t<\/div>\n\t\t\t\t\t<\/div>\n\t\t<\/div>\n\t\t\t\t\t\t\t<\/div>\n\t\t<\/section>\n\t\t\t\t\t\t\t<\/div>","protected":false},"excerpt":{"rendered":"<p>01Out Lifestyle, Shop Boho Chic decor for your home Our home has our own style, right? Mine is super cozy with a boho chic 4 mins read 11Set Lifestyle, Shop 9 books that can help change your life Reading is so great! I wanted to recommend you some books that I loved reading, 6 mins<\/p>","protected":false},"author":1,"featured_media":4150,"parent":0,"menu_order":0,"comment_status":"closed","ping_status":"closed","template":"","meta":{"inline_featured_image":false},"yoast_head":"<!-- This site is optimized with the Yoast SEO plugin v19.7.1 - https:\/\/yoast.com\/wordpress\/plugins\/seo\/ -->\n<title>Shop - Mariana McDonald<\/title>\n<meta name=\"description\" content=\"Here are some beautiful pieces that I picked out for you, that are very much my style, so you can give the same look to your house!\" \/>\n<meta name=\"robots\" content=\"index, follow, max-snippet:-1, max-image-preview:large, max-video-preview:-1\" \/>\n<link rel=\"canonical\" href=\"http:\/\/mariana-mcdonald.com\/pt\/shop\/\" \/>\n<meta property=\"og:locale\" content=\"pt_BR\" \/>\n<meta property=\"og:type\" content=\"article\" \/>\n<meta property=\"og:title\" content=\"Shop - Mariana McDonald\" \/>\n<meta property=\"og:description\" content=\"Here are some beautiful pieces that I picked out for you, that are very much my style, so you can give the same look to your house!\" \/>\n<meta property=\"og:url\" content=\"http:\/\/mariana-mcdonald.com\/pt\/shop\/\" \/>\n<meta property=\"og:site_name\" content=\"Mariana McDonald\" \/>\n<meta property=\"article:modified_time\" content=\"2022-10-13T15:29:59+00:00\" \/>\n<meta property=\"og:image\" content=\"http:\/\/mariana-mcdonald.com\/wp-content\/uploads\/2022\/10\/shop.png\" \/>\n\t<meta property=\"og:image:width\" content=\"216\" \/>\n\t<meta property=\"og:image:height\" content=\"220\" \/>\n\t<meta property=\"og:image:type\" content=\"image\/png\" \/>\n<meta name=\"twitter:card\" content=\"summary_large_image\" \/>\n<meta name=\"twitter:label1\" content=\"Est. tempo de leitura\" \/>\n\t<meta name=\"twitter:data1\" content=\"2 minutos\" \/>\n<script type=\"application\/ld+json\" class=\"yoast-schema-graph\">{\"@context\":\"https:\/\/schema.org\",\"@graph\":[{\"@type\":\"WebPage\",\"@id\":\"http:\/\/mariana-mcdonald.com\/shop\/\",\"url\":\"http:\/\/mariana-mcdonald.com\/shop\/\",\"name\":\"Shop - Mariana McDonald\",\"isPartOf\":{\"@id\":\"http:\/\/mariana-mcdonald.com\/#website\"},\"datePublished\":\"2022-10-05T01:44:03+00:00\",\"dateModified\":\"2022-10-13T15:29:59+00:00\",\"description\":\"Here are some beautiful pieces that I picked out for you, that are very much my style, so you can give the same look to your house!\",\"breadcrumb\":{\"@id\":\"http:\/\/mariana-mcdonald.com\/shop\/#breadcrumb\"},\"inLanguage\":\"pt-BR\",\"potentialAction\":[{\"@type\":\"ReadAction\",\"target\":[\"http:\/\/mariana-mcdonald.com\/shop\/\"]}]},{\"@type\":\"BreadcrumbList\",\"@id\":\"http:\/\/mariana-mcdonald.com\/shop\/#breadcrumb\",\"itemListElement\":[{\"@type\":\"ListItem\",\"position\":1,\"name\":\"In\u00edcio\",\"item\":\"http:\/\/mariana-mcdonald.com\/\"},{\"@type\":\"ListItem\",\"position\":2,\"name\":\"Shop\"}]},{\"@type\":\"WebSite\",\"@id\":\"http:\/\/mariana-mcdonald.com\/#website\",\"url\":\"http:\/\/mariana-mcdonald.com\/\",\"name\":\"Mariana McDonald\",\"description\":\"\",\"potentialAction\":[{\"@type\":\"SearchAction\",\"target\":{\"@type\":\"EntryPoint\",\"urlTemplate\":\"http:\/\/mariana-mcdonald.com\/?s={search_term_string}\"},\"query-input\":\"required name=search_term_string\"}],\"inLanguage\":\"pt-BR\"}]}<\/script>\n<!-- \/ Yoast SEO plugin. -->","yoast_head_json":{"title":"Shop - Mariana McDonald","description":"Here are some beautiful pieces that I picked out for you, that are very much my style, so you can give the same look to your house!","robots":{"index":"index","follow":"follow","max-snippet":"max-snippet:-1","max-image-preview":"max-image-preview:large","max-video-preview":"max-video-preview:-1"},"canonical":"http:\/\/mariana-mcdonald.com\/pt\/shop\/","og_locale":"pt_BR","og_type":"article","og_title":"Shop - Mariana McDonald","og_description":"Here are some beautiful pieces that I picked out for you, that are very much my style, so you can give the same look to your house!","og_url":"http:\/\/mariana-mcdonald.com\/pt\/shop\/","og_site_name":"Mariana McDonald","article_modified_time":"2022-10-13T15:29:59+00:00","og_image":[{"width":216,"height":220,"url":"http:\/\/mariana-mcdonald.com\/wp-content\/uploads\/2022\/10\/shop.png","type":"image\/png"}],"twitter_card":"summary_large_image","twitter_misc":{"Est. tempo de leitura":"2 minutos"},"schema":{"@context":"https:\/\/schema.org","@graph":[{"@type":"WebPage","@id":"http:\/\/mariana-mcdonald.com\/shop\/","url":"http:\/\/mariana-mcdonald.com\/shop\/","name":"Shop - Mariana McDonald","isPartOf":{"@id":"http:\/\/mariana-mcdonald.com\/#website"},"datePublished":"2022-10-05T01:44:03+00:00","dateModified":"2022-10-13T15:29:59+00:00","description":"Here are some beautiful pieces that I picked out for you, that are very much my style, so you can give the same look to your house!","breadcrumb":{"@id":"http:\/\/mariana-mcdonald.com\/shop\/#breadcrumb"},"inLanguage":"pt-BR","potentialAction":[{"@type":"ReadAction","target":["http:\/\/mariana-mcdonald.com\/shop\/"]}]},{"@type":"BreadcrumbList","@id":"http:\/\/mariana-mcdonald.com\/shop\/#breadcrumb","itemListElement":[{"@type":"ListItem","position":1,"name":"In\u00edcio","item":"http:\/\/mariana-mcdonald.com\/"},{"@type":"ListItem","position":2,"name":"Shop"}]},{"@type":"WebSite","@id":"http:\/\/mariana-mcdonald.com\/#website","url":"http:\/\/mariana-mcdonald.com\/","name":"Mariana McDonald","description":"","potentialAction":[{"@type":"SearchAction","target":{"@type":"EntryPoint","urlTemplate":"http:\/\/mariana-mcdonald.com\/?s={search_term_string}"},"query-input":"required name=search_term_string"}],"inLanguage":"pt-BR"}]}},"_links":{"self":[{"href":"http:\/\/mariana-mcdonald.com\/pt\/wp-json\/wp\/v2\/pages\/4137"}],"collection":[{"href":"http:\/\/mariana-mcdonald.com\/pt\/wp-json\/wp\/v2\/pages"}],"about":[{"href":"http:\/\/mariana-mcdonald.com\/pt\/wp-json\/wp\/v2\/types\/page"}],"author":[{"embeddable":true,"href":"http:\/\/mariana-mcdonald.com\/pt\/wp-json\/wp\/v2\/users\/1"}],"replies":[{"embeddable":true,"href":"http:\/\/mariana-mcdonald.com\/pt\/wp-json\/wp\/v2\/comments?post=4137"}],"version-history":[{"count":8,"href":"http:\/\/mariana-mcdonald.com\/pt\/wp-json\/wp\/v2\/pages\/4137\/revisions"}],"predecessor-version":[{"id":4165,"href":"http:\/\/mariana-mcdonald.com\/pt\/wp-json\/wp\/v2\/pages\/4137\/revisions\/4165"}],"wp:featuredmedia":[{"embeddable":true,"href":"http:\/\/mariana-mcdonald.com\/pt\/wp-json\/wp\/v2\/media\/4150"}],"wp:attachment":[{"href":"http:\/\/mariana-mcdonald.com\/pt\/wp-json\/wp\/v2\/media?parent=4137"}],"curies":[{"name":"wp","href":"https:\/\/api.w.org\/{rel}","templated":true}]}}