{"id":4118,"date":"2022-10-05T01:37:24","date_gmt":"2022-10-05T01:37:24","guid":{"rendered":"http:\/\/mariana-mcdonald.com\/?page_id=4118"},"modified":"2022-10-05T01:52:42","modified_gmt":"2022-10-05T01:52:42","slug":"travel","status":"publish","type":"page","link":"http:\/\/mariana-mcdonald.com\/pt\/travel\/","title":{"rendered":"Viagem"},"content":{"rendered":"<div data-elementor-type=\"wp-page\" data-elementor-id=\"4118\" class=\"elementor elementor-4118\">\n\t\t\t\t\t\t\t\t\t<section class=\"elementor-section elementor-top-section elementor-element elementor-element-f398d8c elementor-section-boxed elementor-section-height-default elementor-section-height-default\" data-id=\"f398d8c\" data-element_type=\"section\">\n\t\t\t\t\t\t<div class=\"elementor-container elementor-column-gap-default\">\n\t\t\t\t\t<div class=\"elementor-column elementor-col-100 elementor-top-column elementor-element elementor-element-e84975c\" data-id=\"e84975c\" data-element_type=\"column\">\n\t\t\t<div class=\"elementor-widget-wrap elementor-element-populated\">\n\t\t\t\t\t\t\t\t<div class=\"elementor-element elementor-element-c00e3e3 elementor-widget elementor-widget-malina-recent-posts\" data-id=\"c00e3e3\" data-element_type=\"widget\" data-widget_type=\"malina-recent-posts.default\">\n\t\t\t\t<div class=\"elementor-widget-container\">\n\t\t\t<div id=\"latest-posts\"><div id=\"blog-posts-1\" class=\"row-fluid blog-posts\"><article class=\"post-size style_2 odd span12 3078 post-3078 post type-post status-publish format-gallery has-post-thumbnail hentry category-travel post_format-post-format-gallery post\"><div class=\"post-content-container textcenter\"><div class=\"post-img-side\"><div class=\"label-date\"><span class=\"day\">15<\/span><span class=\"month\">fev<\/span><\/div><figure class=\"post-img\"><a href=\"http:\/\/mariana-mcdonald.com\/pt\/travel\/10-tips-for-backpacking-in-europe\/\" rel=\"bookmark\"><img width=\"570\" height=\"410\" src=\"http:\/\/mariana-mcdonald.com\/wp-content\/uploads\/2022\/02\/WhatsApp-Image-2022-04-04-at-10.29.38-e1649079976534-570x410.jpeg\" class=\"attachment-medium size-medium wp-post-image\" alt=\"\" loading=\"lazy\" srcset=\"http:\/\/mariana-mcdonald.com\/wp-content\/uploads\/2022\/02\/WhatsApp-Image-2022-04-04-at-10.29.38-e1649079976534-570x410.jpeg 570w, http:\/\/mariana-mcdonald.com\/wp-content\/uploads\/2022\/02\/WhatsApp-Image-2022-04-04-at-10.29.38-e1649079976534-16x12.jpeg 16w\" sizes=\"(max-width: 570px) 100vw, 570px\" \/><\/a><\/figure><\/div><div class=\"post-content-side\"><div class=\"meta-categories\"><a href=\"http:\/\/mariana-mcdonald.com\/pt\/category\/travel\/\" rel=\"category tag\">Viagem<\/a><\/div><header class=\"title\"><h2 itemprop=\"headline\"><a href=\"http:\/\/mariana-mcdonald.com\/pt\/travel\/10-tips-for-backpacking-in-europe\/\" title=\"Permalink to 10 Tips For Backpacking in Europe\" rel=\"bookmark\">10 dicas imperd\u00edveis para quem quer fazer um mochil\u00e3o na Europa<\/a><\/h2><\/header><div class=\"post-content\"><div class=\"post-excerpt\">Est\u00e1 pensando em fazer um mochil\u00e3o, mas tem medo dos poss\u00edveis desafios que pode encontrar pelo caminho? <\/div><\/div><div class=\"post-meta footer-meta\"><div class=\"post-read\">9 mins read<\/div><\/div><\/div><\/div><\/article><article class=\"post-size style_2 even span12 3074 post-3074 post type-post status-publish format-standard has-post-thumbnail hentry category-travel post\"><div class=\"post-content-container textcenter\"><div class=\"post-img-side\"><div class=\"label-date\"><span class=\"day\">30<\/span><span class=\"month\">jan<\/span><\/div><figure class=\"post-img\"><a href=\"http:\/\/mariana-mcdonald.com\/pt\/travel\/8-instagrammable-places-in-vienna\/\" rel=\"bookmark\"><img width=\"570\" height=\"410\" src=\"http:\/\/mariana-mcdonald.com\/wp-content\/uploads\/2022\/03\/37b6ebb6-a8bf-11ec-8a4f-d6d3907c63d6-570x410.webp\" class=\"attachment-medium size-medium wp-post-image\" alt=\"\" loading=\"lazy\" srcset=\"http:\/\/mariana-mcdonald.com\/wp-content\/uploads\/2022\/03\/37b6ebb6-a8bf-11ec-8a4f-d6d3907c63d6-570x410.webp 570w, http:\/\/mariana-mcdonald.com\/wp-content\/uploads\/2022\/03\/37b6ebb6-a8bf-11ec-8a4f-d6d3907c63d6-16x12.webp 16w\" sizes=\"(max-width: 570px) 100vw, 570px\" \/><\/a><\/figure><\/div><div class=\"post-content-side\"><div class=\"meta-categories\"><a href=\"http:\/\/mariana-mcdonald.com\/pt\/category\/travel\/\" rel=\"category tag\">Viagem<\/a><\/div><header class=\"title\"><h2 itemprop=\"headline\"><a href=\"http:\/\/mariana-mcdonald.com\/pt\/travel\/8-instagrammable-places-in-vienna\/\" title=\"Permalink to 8 Instagrammable Places in Vienna\" rel=\"bookmark\">8 Lugares Instagram\u00e1veis em Viena<\/a><\/h2><\/header><div class=\"post-content\"><div class=\"post-excerpt\">Como uma grande f\u00e3 de fotos e lugares incr\u00edveis para garantir uma foto perfeita... <\/div><\/div><div class=\"post-meta footer-meta\"><div class=\"post-read\">6 mins read<\/div><\/div><\/div><\/div><\/article><article class=\"post-size style_2 odd span12 3052 post-3052 post type-post status-publish format-gallery has-post-thumbnail hentry category-travel post_format-post-format-gallery post\"><div class=\"post-content-container textcenter\"><div class=\"post-img-side\"><div class=\"label-date\"><span class=\"day\">16<\/span><span class=\"month\">jan<\/span><\/div><figure class=\"post-img\"><a href=\"http:\/\/mariana-mcdonald.com\/pt\/travel\/actic-circle-dreamy-experience-in-norway\/\" rel=\"bookmark\"><img width=\"570\" height=\"410\" src=\"http:\/\/mariana-mcdonald.com\/wp-content\/uploads\/2022\/01\/ae95cb54-a8be-11ec-b233-d6d3907c63d6-570x410.webp\" class=\"attachment-medium size-medium wp-post-image\" alt=\"\" loading=\"lazy\" srcset=\"http:\/\/mariana-mcdonald.com\/wp-content\/uploads\/2022\/01\/ae95cb54-a8be-11ec-b233-d6d3907c63d6-570x410.webp 570w, http:\/\/mariana-mcdonald.com\/wp-content\/uploads\/2022\/01\/ae95cb54-a8be-11ec-b233-d6d3907c63d6-16x12.webp 16w\" sizes=\"(max-width: 570px) 100vw, 570px\" \/><\/a><\/figure><\/div><div class=\"post-content-side\"><div class=\"meta-categories\"><a href=\"http:\/\/mariana-mcdonald.com\/pt\/category\/travel\/\" rel=\"category tag\">Viagem<\/a><\/div><header class=\"title\"><h2 itemprop=\"headline\"><a href=\"http:\/\/mariana-mcdonald.com\/pt\/travel\/actic-circle-dreamy-experience-in-norway\/\" title=\"Permalink to Actic Circle Dreamy Experience\u00a0 in Norway!\" rel=\"bookmark\">Experi\u00eancia dos Sonhos no C\u00edrculo \u00c1rtico da Noruega!<\/a><\/h2><\/header><div class=\"post-content\"><div class=\"post-excerpt\">Aurora boreal e tren\u00f3s puxados por renas?!  S\u00f3 se for agora! <\/div><\/div><div class=\"post-meta footer-meta\"><div class=\"post-read\">6 mins read<\/div><\/div><\/div><\/div><\/article><article class=\"post-size style_2 even span12 3006 post-3006 post type-post status-publish format-gallery has-post-thumbnail hentry category-shop category-travel post_format-post-format-gallery post\"><div class=\"post-content-container textcenter\"><div class=\"post-img-side\"><div class=\"label-date\"><span class=\"day\">15<\/span><span class=\"month\">nov<\/span><\/div><figure class=\"post-img\"><a href=\"http:\/\/mariana-mcdonald.com\/pt\/travel\/2-day-spontaneous-mt-shasta-trip\/\" rel=\"bookmark\"><img width=\"570\" height=\"410\" src=\"http:\/\/mariana-mcdonald.com\/wp-content\/uploads\/2021\/11\/Capa-do-post...-Primeira-foto-570x410.jpg\" class=\"attachment-medium size-medium wp-post-image\" alt=\"\" loading=\"lazy\" \/><\/a><\/figure><\/div><div class=\"post-content-side\"><div class=\"meta-categories\"><a href=\"http:\/\/mariana-mcdonald.com\/pt\/category\/shop\/\" rel=\"category tag\">Shop<\/a>, <a href=\"http:\/\/mariana-mcdonald.com\/pt\/category\/travel\/\" rel=\"category tag\">Viagem<\/a><\/div><header class=\"title\"><h2 itemprop=\"headline\"><a href=\"http:\/\/mariana-mcdonald.com\/pt\/travel\/2-day-spontaneous-mt-shasta-trip\/\" title=\"Permalink to 2-Day Spontaneous Mt Shasta Trip!\" rel=\"bookmark\">Viagem de 2 Dias ao Monte Shasta!<\/a><\/h2><\/header><div class=\"post-content\"><div class=\"post-excerpt\">Voc\u00ea j\u00e1 esteve na \u00e1rea do Monte Shasta? Bem, se voc\u00ea ainda n\u00e3o fez isso, eu recomendo! Shasta \u00e9 incr\u00edvel e a energia l\u00e1 em cima \u00e9 surreal! <\/div><\/div><div class=\"post-meta footer-meta\"><div class=\"post-read\">6 mins read<\/div><\/div><\/div><\/div><\/article><\/div><\/div>\t\t<\/div>\n\t\t\t\t<\/div>\n\t\t\t\t\t<\/div>\n\t\t<\/div>\n\t\t\t\t\t\t\t<\/div>\n\t\t<\/section>\n\t\t\t\t\t\t\t<\/div>","protected":false},"excerpt":{"rendered":"<p>15Fev Travel 10 Tips For Backpacking in Europe Are you thinking about backpacking in Europe, but you\u2019re afraid of the possible challenges you 9 mins read 30Jan Travel 8 Instagrammable Places in Vienna As a big fan of amazing photos and places to ensure a perfect shot&#8230; 6 mins read 16Jan Travel Actic Circle Dreamy<\/p>","protected":false},"author":1,"featured_media":4147,"parent":0,"menu_order":0,"comment_status":"closed","ping_status":"closed","template":"","meta":{"inline_featured_image":false},"yoast_head":"<!-- This site is optimized with the Yoast SEO plugin v19.7.1 - https:\/\/yoast.com\/wordpress\/plugins\/seo\/ -->\n<title>Travel - Mariana McDonald<\/title>\n<meta name=\"description\" content=\"This is the place I talk about my travels around the world. Stay on top of my adventures! Discover new places, receive tips, reports and more\" \/>\n<meta name=\"robots\" content=\"index, follow, max-snippet:-1, max-image-preview:large, max-video-preview:-1\" \/>\n<link rel=\"canonical\" href=\"http:\/\/mariana-mcdonald.com\/pt\/travel\/\" \/>\n<meta property=\"og:locale\" content=\"pt_BR\" \/>\n<meta property=\"og:type\" content=\"article\" \/>\n<meta property=\"og:title\" content=\"Travel - Mariana McDonald\" \/>\n<meta property=\"og:description\" content=\"This is the place I talk about my travels around the world. Stay on top of my adventures! Discover new places, receive tips, reports and more\" \/>\n<meta property=\"og:url\" content=\"http:\/\/mariana-mcdonald.com\/pt\/travel\/\" \/>\n<meta property=\"og:site_name\" content=\"Mariana McDonald\" \/>\n<meta property=\"article:modified_time\" content=\"2022-10-05T01:52:42+00:00\" \/>\n<meta property=\"og:image\" content=\"http:\/\/mariana-mcdonald.com\/wp-content\/uploads\/2022\/10\/travel.png\" \/>\n\t<meta property=\"og:image:width\" content=\"211\" \/>\n\t<meta property=\"og:image:height\" content=\"214\" \/>\n\t<meta property=\"og:image:type\" content=\"image\/png\" \/>\n<meta name=\"twitter:card\" content=\"summary_large_image\" \/>\n<meta name=\"twitter:label1\" content=\"Est. tempo de leitura\" \/>\n\t<meta name=\"twitter:data1\" content=\"2 minutos\" \/>\n<script type=\"application\/ld+json\" class=\"yoast-schema-graph\">{\"@context\":\"https:\/\/schema.org\",\"@graph\":[{\"@type\":\"WebPage\",\"@id\":\"http:\/\/mariana-mcdonald.com\/travel\/\",\"url\":\"http:\/\/mariana-mcdonald.com\/travel\/\",\"name\":\"Travel - Mariana McDonald\",\"isPartOf\":{\"@id\":\"http:\/\/mariana-mcdonald.com\/#website\"},\"datePublished\":\"2022-10-05T01:37:24+00:00\",\"dateModified\":\"2022-10-05T01:52:42+00:00\",\"description\":\"This is the place I talk about my travels around the world. Stay on top of my adventures! Discover new places, receive tips, reports and more\",\"breadcrumb\":{\"@id\":\"http:\/\/mariana-mcdonald.com\/travel\/#breadcrumb\"},\"inLanguage\":\"pt-BR\",\"potentialAction\":[{\"@type\":\"ReadAction\",\"target\":[\"http:\/\/mariana-mcdonald.com\/travel\/\"]}]},{\"@type\":\"BreadcrumbList\",\"@id\":\"http:\/\/mariana-mcdonald.com\/travel\/#breadcrumb\",\"itemListElement\":[{\"@type\":\"ListItem\",\"position\":1,\"name\":\"In\u00edcio\",\"item\":\"http:\/\/mariana-mcdonald.com\/\"},{\"@type\":\"ListItem\",\"position\":2,\"name\":\"Travel\"}]},{\"@type\":\"WebSite\",\"@id\":\"http:\/\/mariana-mcdonald.com\/#website\",\"url\":\"http:\/\/mariana-mcdonald.com\/\",\"name\":\"Mariana McDonald\",\"description\":\"\",\"potentialAction\":[{\"@type\":\"SearchAction\",\"target\":{\"@type\":\"EntryPoint\",\"urlTemplate\":\"http:\/\/mariana-mcdonald.com\/?s={search_term_string}\"},\"query-input\":\"required name=search_term_string\"}],\"inLanguage\":\"pt-BR\"}]}<\/script>\n<!-- \/ Yoast SEO plugin. -->","yoast_head_json":{"title":"Travel - Mariana McDonald","description":"This is the place I talk about my travels around the world. Stay on top of my adventures! Discover new places, receive tips, reports and more","robots":{"index":"index","follow":"follow","max-snippet":"max-snippet:-1","max-image-preview":"max-image-preview:large","max-video-preview":"max-video-preview:-1"},"canonical":"http:\/\/mariana-mcdonald.com\/pt\/travel\/","og_locale":"pt_BR","og_type":"article","og_title":"Travel - Mariana McDonald","og_description":"This is the place I talk about my travels around the world. Stay on top of my adventures! Discover new places, receive tips, reports and more","og_url":"http:\/\/mariana-mcdonald.com\/pt\/travel\/","og_site_name":"Mariana McDonald","article_modified_time":"2022-10-05T01:52:42+00:00","og_image":[{"width":211,"height":214,"url":"http:\/\/mariana-mcdonald.com\/wp-content\/uploads\/2022\/10\/travel.png","type":"image\/png"}],"twitter_card":"summary_large_image","twitter_misc":{"Est. tempo de leitura":"2 minutos"},"schema":{"@context":"https:\/\/schema.org","@graph":[{"@type":"WebPage","@id":"http:\/\/mariana-mcdonald.com\/travel\/","url":"http:\/\/mariana-mcdonald.com\/travel\/","name":"Travel - Mariana McDonald","isPartOf":{"@id":"http:\/\/mariana-mcdonald.com\/#website"},"datePublished":"2022-10-05T01:37:24+00:00","dateModified":"2022-10-05T01:52:42+00:00","description":"This is the place I talk about my travels around the world. Stay on top of my adventures! Discover new places, receive tips, reports and more","breadcrumb":{"@id":"http:\/\/mariana-mcdonald.com\/travel\/#breadcrumb"},"inLanguage":"pt-BR","potentialAction":[{"@type":"ReadAction","target":["http:\/\/mariana-mcdonald.com\/travel\/"]}]},{"@type":"BreadcrumbList","@id":"http:\/\/mariana-mcdonald.com\/travel\/#breadcrumb","itemListElement":[{"@type":"ListItem","position":1,"name":"In\u00edcio","item":"http:\/\/mariana-mcdonald.com\/"},{"@type":"ListItem","position":2,"name":"Travel"}]},{"@type":"WebSite","@id":"http:\/\/mariana-mcdonald.com\/#website","url":"http:\/\/mariana-mcdonald.com\/","name":"Mariana McDonald","description":"","potentialAction":[{"@type":"SearchAction","target":{"@type":"EntryPoint","urlTemplate":"http:\/\/mariana-mcdonald.com\/?s={search_term_string}"},"query-input":"required name=search_term_string"}],"inLanguage":"pt-BR"}]}},"_links":{"self":[{"href":"http:\/\/mariana-mcdonald.com\/pt\/wp-json\/wp\/v2\/pages\/4118"}],"collection":[{"href":"http:\/\/mariana-mcdonald.com\/pt\/wp-json\/wp\/v2\/pages"}],"about":[{"href":"http:\/\/mariana-mcdonald.com\/pt\/wp-json\/wp\/v2\/types\/page"}],"author":[{"embeddable":true,"href":"http:\/\/mariana-mcdonald.com\/pt\/wp-json\/wp\/v2\/users\/1"}],"replies":[{"embeddable":true,"href":"http:\/\/mariana-mcdonald.com\/pt\/wp-json\/wp\/v2\/comments?post=4118"}],"version-history":[{"count":5,"href":"http:\/\/mariana-mcdonald.com\/pt\/wp-json\/wp\/v2\/pages\/4118\/revisions"}],"predecessor-version":[{"id":4146,"href":"http:\/\/mariana-mcdonald.com\/pt\/wp-json\/wp\/v2\/pages\/4118\/revisions\/4146"}],"wp:featuredmedia":[{"embeddable":true,"href":"http:\/\/mariana-mcdonald.com\/pt\/wp-json\/wp\/v2\/media\/4147"}],"wp:attachment":[{"href":"http:\/\/mariana-mcdonald.com\/pt\/wp-json\/wp\/v2\/media?parent=4118"}],"curies":[{"name":"wp","href":"https:\/\/api.w.org\/{rel}","templated":true}]}}