{"id":2039,"date":"2020-06-14T14:08:09","date_gmt":"2020-06-14T14:08:09","guid":{"rendered":"https:\/\/malina.artstudioworks.net\/?page_id=2039"},"modified":"2022-10-05T02:32:46","modified_gmt":"2022-10-05T02:32:46","slug":"about","status":"publish","type":"page","link":"http:\/\/mariana-mcdonald.com\/pt\/about\/","title":{"rendered":"Sobre"},"content":{"rendered":"<div data-elementor-type=\"wp-page\" data-elementor-id=\"2039\" class=\"elementor elementor-2039\">\n\t\t\t\t\t\t\t\t\t<section class=\"elementor-section elementor-top-section elementor-element elementor-element-bfb0c1f elementor-section-content-middle elementor-section-boxed elementor-section-height-default elementor-section-height-default\" data-id=\"bfb0c1f\" data-element_type=\"section\" data-settings=\"{&quot;background_background&quot;:&quot;classic&quot;}\">\n\t\t\t\t\t\t<div class=\"elementor-container elementor-column-gap-default\">\n\t\t\t\t\t<div class=\"elementor-column elementor-col-50 elementor-top-column elementor-element elementor-element-11fde07\" data-id=\"11fde07\" data-element_type=\"column\">\n\t\t\t<div class=\"elementor-widget-wrap elementor-element-populated\">\n\t\t\t\t\t\t\t\t<div class=\"elementor-element elementor-element-0834243 elementor-widget elementor-widget-heading\" data-id=\"0834243\" data-element_type=\"widget\" data-widget_type=\"heading.default\">\n\t\t\t\t<div class=\"elementor-widget-container\">\n\t\t\t<h2 class=\"elementor-heading-title elementor-size-default\">Mariana MCDONALD<\/h2>\t\t<\/div>\n\t\t\t\t<\/div>\n\t\t\t\t<div class=\"elementor-element elementor-element-137c702 elementor-hidden-desktop elementor-widget elementor-widget-image\" data-id=\"137c702\" data-element_type=\"widget\" data-widget_type=\"image.default\">\n\t\t\t\t<div class=\"elementor-widget-container\">\n\t\t\t\t\t\t\t\t\t\t\t\t\t\t\t<img width=\"800\" height=\"1067\" src=\"http:\/\/mariana-mcdonald.com\/wp-content\/uploads\/2022\/04\/ABOUT-photo-1.jpg\" class=\"attachment-full size-full\" alt=\"\" loading=\"lazy\" srcset=\"http:\/\/mariana-mcdonald.com\/wp-content\/uploads\/2022\/04\/ABOUT-photo-1.jpg 800w, http:\/\/mariana-mcdonald.com\/wp-content\/uploads\/2022\/04\/ABOUT-photo-1-768x1024.jpg 768w, http:\/\/mariana-mcdonald.com\/wp-content\/uploads\/2022\/04\/ABOUT-photo-1-9x12.jpg 9w, http:\/\/mariana-mcdonald.com\/wp-content\/uploads\/2022\/04\/ABOUT-photo-1-585x780.jpg 585w\" sizes=\"(max-width: 800px) 100vw, 800px\" \/>\t\t\t\t\t\t\t\t\t\t\t\t\t\t\t<\/div>\n\t\t\t\t<\/div>\n\t\t\t\t<div class=\"elementor-element elementor-element-a553376 elementor-widget elementor-widget-text-editor\" data-id=\"a553376\" data-element_type=\"widget\" data-widget_type=\"text-editor.default\">\n\t\t\t\t<div class=\"elementor-widget-container\">\n\t\t\t\t\t\t\t<p>Nasci no Rio De Janeiro, ent\u00e3o o mar e a praia sempre foram minha paix\u00e3o. Incluindo tudo ligado aos outdoors. Eu cresci indo a praia quase todo dia, ent\u00e3o comer bem e cuidar de mim sempre foi importante. A  vida saud\u00e1vel nunca foi um esfor\u00e7o. Sempre gostei de acordar cedo, meditar, malhar todos os dias e cuidar da minha mente tamb\u00e9m sempre foi fundamental.<\/p><p>Com curiosidade e interesse em aprender sobre novas culturas e costumes, viajar sempre foi uma parte essencial da minha vida. Me mudei para a Calif\u00f3rnia, nos Estados Unidos, onde vivo, em San Francisco, h\u00e1 mais de 15 anos! Toda oportunidade que eu tenho, amo explorar novos lugares. Viajar pelo mundo ou sem precisar ir muito longe, explorar trilhas em parques nacionais, um solzinho na praia em St. Tropez, ou at\u00e9 andar a camelo no Egito, eu estou sempre fugindo do \u00f3bvio.<br \/>Dividir todas essas experi\u00eancias com os meus seguidores, cada<br \/>cantinho explorado e as v\u00e1rias dicas das minhas viagens, \u00e9 uma<br \/>das coisas que mais me d\u00e1 prazer.<\/p><p>Outra grande paix\u00e3o sempre foi a moda. Sempre tento trazer muito estilo e bom gosto pra tudo que fa\u00e7o. Me formei em Gerenciamento e Marketing de Moda e j\u00e1 trabalhei no New York Fashion Week com produ\u00e7\u00e3o de desfiles de grandes marcas como Lacoste, Michael Kors, DVF, The Row, Jason Wu, e eventos para Marc Jacobs dentre muitas outras. Sem d\u00favidas \u00e9 um dos trabalhos que guardo com muito carinho por ter tido a sorte de ter feito parte!<\/p><p>Meu cora\u00e7\u00e3o \u00e9 do tamanho do mundo! Amo me divertir e sempre estar rodeada de amigos. Amo festivais de m\u00fasica, shows e eventos ao ar livre\u2026 Meu objetivo aqui \u00e9 sempre espalhar positividade!<\/p><p>Embora hoje em dia eu n\u00e3o trabalhe diretamente s\u00f3 com moda, gosto de usar meu instagram para compartilhar meus looks do dia a dia e ajudar a inspirar o p\u00fablico com requinte e bom gosto de uma forma acess\u00edvel a todos! Al\u00e9m de moda, gosto de compartilhar meu relacionamento com a rotina de exerc\u00edcios para quem precisa de um empurr\u00e3ozinho.\nE as melhores dicas de viagem que, convenhamos, n\u00e3o s\u00e3o poucas.<\/p><p>Tenho um grande p\u00fablico tanto no Brasil, onde nasci, quanto nos EUA, onde moro atualmente.<\/p><p>Como j\u00e1 tenho meu p\u00fablico formado no Instagram, agora decidi apostar em um blog, que vai ter o intuito de explorar de forma mais abrangente os conte\u00fados e marcas parceiras que j\u00e1 est\u00e3o presentes na minha vida. Sempre de forma pertinente para voc\u00eas, meus seguidores e amigos!<\/p><p>Ent\u00e3o, sejam bem vindos!<\/p>\t\t\t\t\t\t<\/div>\n\t\t\t\t<\/div>\n\t\t\t\t<div class=\"elementor-element elementor-element-47034df elementor-hidden-desktop elementor-widget elementor-widget-image\" data-id=\"47034df\" data-element_type=\"widget\" data-widget_type=\"image.default\">\n\t\t\t\t<div class=\"elementor-widget-container\">\n\t\t\t\t\t\t\t\t\t\t\t\t\t\t\t<img width=\"800\" height=\"1086\" src=\"http:\/\/mariana-mcdonald.com\/wp-content\/uploads\/2022\/04\/ABOUT-photo-2.jpg\" class=\"attachment-full size-full\" alt=\"\" loading=\"lazy\" srcset=\"http:\/\/mariana-mcdonald.com\/wp-content\/uploads\/2022\/04\/ABOUT-photo-2.jpg 800w, http:\/\/mariana-mcdonald.com\/wp-content\/uploads\/2022\/04\/ABOUT-photo-2-768x1043.jpg 768w, http:\/\/mariana-mcdonald.com\/wp-content\/uploads\/2022\/04\/ABOUT-photo-2-9x12.jpg 9w, http:\/\/mariana-mcdonald.com\/wp-content\/uploads\/2022\/04\/ABOUT-photo-2-585x794.jpg 585w\" sizes=\"(max-width: 800px) 100vw, 800px\" \/>\t\t\t\t\t\t\t\t\t\t\t\t\t\t\t<\/div>\n\t\t\t\t<\/div>\n\t\t\t\t\t<\/div>\n\t\t<\/div>\n\t\t\t\t<div class=\"elementor-column elementor-col-50 elementor-top-column elementor-element elementor-element-29c431b elementor-hidden-tablet elementor-hidden-mobile\" data-id=\"29c431b\" data-element_type=\"column\">\n\t\t\t<div class=\"elementor-widget-wrap elementor-element-populated\">\n\t\t\t\t\t\t\t\t<div class=\"elementor-element elementor-element-41ec7f8 elementor-widget elementor-widget-image\" data-id=\"41ec7f8\" data-element_type=\"widget\" data-widget_type=\"image.default\">\n\t\t\t\t<div class=\"elementor-widget-container\">\n\t\t\t\t\t\t\t\t\t\t\t\t\t\t\t<img width=\"800\" height=\"1067\" src=\"http:\/\/mariana-mcdonald.com\/wp-content\/uploads\/2022\/04\/ABOUT-photo-1.jpg\" class=\"attachment-full size-full\" alt=\"\" loading=\"lazy\" srcset=\"http:\/\/mariana-mcdonald.com\/wp-content\/uploads\/2022\/04\/ABOUT-photo-1.jpg 800w, http:\/\/mariana-mcdonald.com\/wp-content\/uploads\/2022\/04\/ABOUT-photo-1-768x1024.jpg 768w, http:\/\/mariana-mcdonald.com\/wp-content\/uploads\/2022\/04\/ABOUT-photo-1-9x12.jpg 9w, http:\/\/mariana-mcdonald.com\/wp-content\/uploads\/2022\/04\/ABOUT-photo-1-585x780.jpg 585w\" sizes=\"(max-width: 800px) 100vw, 800px\" \/>\t\t\t\t\t\t\t\t\t\t\t\t\t\t\t<\/div>\n\t\t\t\t<\/div>\n\t\t\t\t<div class=\"elementor-element elementor-element-bded32b elementor-widget elementor-widget-image\" data-id=\"bded32b\" data-element_type=\"widget\" data-widget_type=\"image.default\">\n\t\t\t\t<div class=\"elementor-widget-container\">\n\t\t\t\t\t\t\t\t\t\t\t\t\t\t\t<img width=\"800\" height=\"1086\" src=\"http:\/\/mariana-mcdonald.com\/wp-content\/uploads\/2022\/04\/ABOUT-photo-2.jpg\" class=\"attachment-full size-full\" alt=\"\" loading=\"lazy\" srcset=\"http:\/\/mariana-mcdonald.com\/wp-content\/uploads\/2022\/04\/ABOUT-photo-2.jpg 800w, http:\/\/mariana-mcdonald.com\/wp-content\/uploads\/2022\/04\/ABOUT-photo-2-768x1043.jpg 768w, http:\/\/mariana-mcdonald.com\/wp-content\/uploads\/2022\/04\/ABOUT-photo-2-9x12.jpg 9w, http:\/\/mariana-mcdonald.com\/wp-content\/uploads\/2022\/04\/ABOUT-photo-2-585x794.jpg 585w\" sizes=\"(max-width: 800px) 100vw, 800px\" \/>\t\t\t\t\t\t\t\t\t\t\t\t\t\t\t<\/div>\n\t\t\t\t<\/div>\n\t\t\t\t\t<\/div>\n\t\t<\/div>\n\t\t\t\t\t\t\t<\/div>\n\t\t<\/section>\n\t\t\t\t\t\t\t<\/div>","protected":false},"excerpt":{"rendered":"<p>Mariana MCDONALD I was born in Rio De Janeiro, so the ocean and the beach have always been my passion, including everything related to being outdoors. I grew up going to the beach almost every day, so eating well and taking care of myself has always been important. Healthy living was never a hard thing<\/p>","protected":false},"author":1,"featured_media":3244,"parent":0,"menu_order":0,"comment_status":"closed","ping_status":"closed","template":"page-fullwidth.php","meta":{"inline_featured_image":false},"yoast_head":"<!-- This site is optimized with the Yoast SEO plugin v19.7.1 - https:\/\/yoast.com\/wordpress\/plugins\/seo\/ -->\n<title>About - Mariana McDonald<\/title>\n<meta name=\"description\" content=\"I was born in Rio De Janeiro, so the ocean and the beach have always been my passion, including everything related to being outdoors.\" \/>\n<meta name=\"robots\" content=\"index, follow, max-snippet:-1, max-image-preview:large, max-video-preview:-1\" \/>\n<link rel=\"canonical\" href=\"http:\/\/mariana-mcdonald.com\/pt\/about\/\" \/>\n<meta property=\"og:locale\" content=\"pt_BR\" \/>\n<meta property=\"og:type\" content=\"article\" \/>\n<meta property=\"og:title\" content=\"About - Mariana McDonald\" \/>\n<meta property=\"og:description\" content=\"I was born in Rio De Janeiro, so the ocean and the beach have always been my passion, including everything related to being outdoors.\" \/>\n<meta property=\"og:url\" content=\"http:\/\/mariana-mcdonald.com\/pt\/about\/\" \/>\n<meta property=\"og:site_name\" content=\"Mariana McDonald\" \/>\n<meta property=\"article:modified_time\" content=\"2022-10-05T02:32:46+00:00\" \/>\n<meta property=\"og:image\" content=\"http:\/\/mariana-mcdonald.com\/wp-content\/uploads\/2022\/04\/ABOUT-photo-1.jpg\" \/>\n\t<meta property=\"og:image:width\" content=\"800\" \/>\n\t<meta property=\"og:image:height\" content=\"1067\" \/>\n\t<meta property=\"og:image:type\" content=\"image\/jpeg\" \/>\n<meta name=\"twitter:card\" content=\"summary_large_image\" \/>\n<meta name=\"twitter:label1\" content=\"Est. tempo de leitura\" \/>\n\t<meta name=\"twitter:data1\" content=\"4 minutos\" \/>\n<script type=\"application\/ld+json\" class=\"yoast-schema-graph\">{\"@context\":\"https:\/\/schema.org\",\"@graph\":[{\"@type\":\"WebPage\",\"@id\":\"http:\/\/mariana-mcdonald.com\/about\/\",\"url\":\"http:\/\/mariana-mcdonald.com\/about\/\",\"name\":\"About - Mariana McDonald\",\"isPartOf\":{\"@id\":\"http:\/\/mariana-mcdonald.com\/#website\"},\"datePublished\":\"2020-06-14T14:08:09+00:00\",\"dateModified\":\"2022-10-05T02:32:46+00:00\",\"description\":\"I was born in Rio De Janeiro, so the ocean and the beach have always been my passion, including everything related to being outdoors.\",\"breadcrumb\":{\"@id\":\"http:\/\/mariana-mcdonald.com\/about\/#breadcrumb\"},\"inLanguage\":\"pt-BR\",\"potentialAction\":[{\"@type\":\"ReadAction\",\"target\":[\"http:\/\/mariana-mcdonald.com\/about\/\"]}]},{\"@type\":\"BreadcrumbList\",\"@id\":\"http:\/\/mariana-mcdonald.com\/about\/#breadcrumb\",\"itemListElement\":[{\"@type\":\"ListItem\",\"position\":1,\"name\":\"In\u00edcio\",\"item\":\"http:\/\/mariana-mcdonald.com\/\"},{\"@type\":\"ListItem\",\"position\":2,\"name\":\"About\"}]},{\"@type\":\"WebSite\",\"@id\":\"http:\/\/mariana-mcdonald.com\/#website\",\"url\":\"http:\/\/mariana-mcdonald.com\/\",\"name\":\"Mariana McDonald\",\"description\":\"\",\"potentialAction\":[{\"@type\":\"SearchAction\",\"target\":{\"@type\":\"EntryPoint\",\"urlTemplate\":\"http:\/\/mariana-mcdonald.com\/?s={search_term_string}\"},\"query-input\":\"required name=search_term_string\"}],\"inLanguage\":\"pt-BR\"}]}<\/script>\n<!-- \/ Yoast SEO plugin. -->","yoast_head_json":{"title":"About - Mariana McDonald","description":"I was born in Rio De Janeiro, so the ocean and the beach have always been my passion, including everything related to being outdoors.","robots":{"index":"index","follow":"follow","max-snippet":"max-snippet:-1","max-image-preview":"max-image-preview:large","max-video-preview":"max-video-preview:-1"},"canonical":"http:\/\/mariana-mcdonald.com\/pt\/about\/","og_locale":"pt_BR","og_type":"article","og_title":"About - Mariana McDonald","og_description":"I was born in Rio De Janeiro, so the ocean and the beach have always been my passion, including everything related to being outdoors.","og_url":"http:\/\/mariana-mcdonald.com\/pt\/about\/","og_site_name":"Mariana McDonald","article_modified_time":"2022-10-05T02:32:46+00:00","og_image":[{"width":800,"height":1067,"url":"http:\/\/mariana-mcdonald.com\/wp-content\/uploads\/2022\/04\/ABOUT-photo-1.jpg","type":"image\/jpeg"}],"twitter_card":"summary_large_image","twitter_misc":{"Est. tempo de leitura":"4 minutos"},"schema":{"@context":"https:\/\/schema.org","@graph":[{"@type":"WebPage","@id":"http:\/\/mariana-mcdonald.com\/about\/","url":"http:\/\/mariana-mcdonald.com\/about\/","name":"About - Mariana McDonald","isPartOf":{"@id":"http:\/\/mariana-mcdonald.com\/#website"},"datePublished":"2020-06-14T14:08:09+00:00","dateModified":"2022-10-05T02:32:46+00:00","description":"I was born in Rio De Janeiro, so the ocean and the beach have always been my passion, including everything related to being outdoors.","breadcrumb":{"@id":"http:\/\/mariana-mcdonald.com\/about\/#breadcrumb"},"inLanguage":"pt-BR","potentialAction":[{"@type":"ReadAction","target":["http:\/\/mariana-mcdonald.com\/about\/"]}]},{"@type":"BreadcrumbList","@id":"http:\/\/mariana-mcdonald.com\/about\/#breadcrumb","itemListElement":[{"@type":"ListItem","position":1,"name":"In\u00edcio","item":"http:\/\/mariana-mcdonald.com\/"},{"@type":"ListItem","position":2,"name":"About"}]},{"@type":"WebSite","@id":"http:\/\/mariana-mcdonald.com\/#website","url":"http:\/\/mariana-mcdonald.com\/","name":"Mariana McDonald","description":"","potentialAction":[{"@type":"SearchAction","target":{"@type":"EntryPoint","urlTemplate":"http:\/\/mariana-mcdonald.com\/?s={search_term_string}"},"query-input":"required name=search_term_string"}],"inLanguage":"pt-BR"}]}},"_links":{"self":[{"href":"http:\/\/mariana-mcdonald.com\/pt\/wp-json\/wp\/v2\/pages\/2039"}],"collection":[{"href":"http:\/\/mariana-mcdonald.com\/pt\/wp-json\/wp\/v2\/pages"}],"about":[{"href":"http:\/\/mariana-mcdonald.com\/pt\/wp-json\/wp\/v2\/types\/page"}],"author":[{"embeddable":true,"href":"http:\/\/mariana-mcdonald.com\/pt\/wp-json\/wp\/v2\/users\/1"}],"replies":[{"embeddable":true,"href":"http:\/\/mariana-mcdonald.com\/pt\/wp-json\/wp\/v2\/comments?post=2039"}],"version-history":[{"count":51,"href":"http:\/\/mariana-mcdonald.com\/pt\/wp-json\/wp\/v2\/pages\/2039\/revisions"}],"predecessor-version":[{"id":4104,"href":"http:\/\/mariana-mcdonald.com\/pt\/wp-json\/wp\/v2\/pages\/2039\/revisions\/4104"}],"wp:featuredmedia":[{"embeddable":true,"href":"http:\/\/mariana-mcdonald.com\/pt\/wp-json\/wp\/v2\/media\/3244"}],"wp:attachment":[{"href":"http:\/\/mariana-mcdonald.com\/pt\/wp-json\/wp\/v2\/media?parent=2039"}],"curies":[{"name":"wp","href":"https:\/\/api.w.org\/{rel}","templated":true}]}}